{"id":205,"date":"2010-07-14T11:10:36","date_gmt":"2010-07-14T11:10:36","guid":{"rendered":"http:\/\/hotel.humanlevel.net\/.html"},"modified":"2024-03-16T22:26:18","modified_gmt":"2024-03-16T20:26:18","slug":"condiciones-contratacion","status":"publish","type":"page","link":"https:\/\/hotelsanramonsomontano.com\/en\/condiciones-contratacion.html","title":{"rendered":"General Contract Conditions."},"content":{"rendered":"<p>El presente documento tiene por finalidad regular las Condiciones Generales de Contrataci\u00f3n de los servicios de reserva online entre HOTEL SAN RAM\u00d3N DEL SOMONTANO SL \u2013en adelante, Hotel San Ram\u00f3n del Somontano &#8211; (datos de contacto indicados en el Aviso Legal de esta web) y sus clientes, as\u00ed como las normas del establecimiento.<br \/>\nUsted, como cliente, declara ser mayor de edad y\/o disponer de la capacidad jur\u00eddica y de obrar suficientes para la celebraci\u00f3n de estos contratos y acepta, plenamente y sin reservas, la validez de todas y cada una de las cl\u00e1usulas generales de contrataci\u00f3n que se recogen a continuaci\u00f3n:<\/p>\n<p><strong>1. Reserva online <\/strong><\/p>\n<p><strong>1.1. Procedimiento previo de reserva on-line <\/strong><br \/>\nPonemos a disposici\u00f3n de nuestros hu\u00e9spedes un sistema de reservas on line que facilita la recepci\u00f3n y confirmaci\u00f3n de las reservas. La utilizaci\u00f3n de este servicio supone la aceptaci\u00f3n plena y sin reservas de las presentes condiciones generales de contrataci\u00f3n, en castellano, recogidas en la \u00faltima versi\u00f3n actualizada.<br \/>\nSi lo desea le atenderemos en el tel\u00e9fono 974 312 825, en el FAX 974 315 129 en el e-mail info@hotelsanramonsomontano.com y le resolveremos cualquier duda o consulta que desee realizarnos.<\/p>\n<p><strong>1.2. Confirmaci\u00f3n de la contrataci\u00f3n <\/strong><br \/>\nAl final del proceso de reservas, recibir\u00e1 en el plazo de 24 horas un correo electr\u00f3nico de confirmaci\u00f3n de reserva con todos los detalles de la misma: n\u00famero de reserva, importe, fecha y hora de la reserva, nombre y apellidos del cliente, lugar, fecha y hora de la entrega, y desglose del importe. Por favor, impr\u00edmala y gu\u00e1rdela para su consulta.<\/p>\n<p><strong>1.3. Pol\u00edtica de cancelaciones <\/strong><br \/>\nSi cancela 4 d\u00edas antes de la fecha de llegada: el hotel no efectuar\u00e1 cargos. Si cancela 3 d\u00edas antes a la fecha de llegada: el hotel cobrar\u00e1 la primera noche. Si cancela durante los 2 d\u00edas antes de la fecha de llegada o si no se presenta: se cobrar\u00e1 la estancia completa (basado en la hora local del hotel).<br \/>\nPara notificar la cancelaci\u00f3n total o parcial de una reserva de alojamiento ser\u00e1 imprescindible contactar directamente con nuestro personal en el o en el e-mail indicados.<\/p>\n<p><strong>2. Tarifas <\/strong><\/p>\n<p>Los precios que se muestran en el apartado \u201cReserva\u201d de la web incluyen el IVA u otro impuesto indirecto equivalente, as\u00ed como los gastos de gesti\u00f3n y tramitaci\u00f3n. Las tarifas var\u00edan en funci\u00f3n de la temporada del a\u00f1o, de la duraci\u00f3n de la estancia y de los servicios que se contraten seg\u00fan lo dispuesto en dicha secci\u00f3n.<br \/>\nInf\u00f3rmese de otros descuentos especiales seg\u00fan ofertas y promociones por temporada.<\/p>\n<p><strong>3. Uso de los servicios <\/strong><\/p>\n<p>El usuario se compromete utilizar los servicios de manera acorde a la Ley, la moral, las buenas costumbres y el orden p\u00fablico, as\u00ed como con lo dispuesto en las presentes Condiciones Generales de contrataci\u00f3n respetando los derechos y\/o intereses de terceros que, de cualquier forma, puedan da\u00f1ar los servicios de Hotel San Ram\u00f3n del Somontano y\/o su imagen.<br \/>\nHotel San Ram\u00f3n del Somontano podr\u00e1, para mayor agilidad y en beneficio de los usuarios, modificar unilateralmente, en cualquier momento y sin previo aviso, los servicios prestados, o las condiciones de operatividad, t\u00e9cnicas y de uso de los servicios.<br \/>\nSi el cliente deteriora, destruye o sustrae alg\u00fan elemento del establecimiento, HOTEL SAN RAMON DEL SOMONTANO, S.L., con arreglo a la normativa aplicable, se reserva el derecho de realizar el cargo correspondiente.<br \/>\nNo se permite fumar en el interior de las habitaciones.<br \/>\nNo se admiten mascotas<\/p>\n<p><strong>4. Derechos de los clientes <\/strong><\/p>\n<p>Para cualquier consulta, sugerencia o reclamaci\u00f3n, usted puede dirigirse a la encargada de Hotel San Ram\u00f3n del Somontano o utilizar el correo electr\u00f3nico info@hotelsanramonsomontano.com<br \/>\nAdem\u00e1s, le informamos que usted tiene derecho a desistir de su reserva como se ha indicado anteriormente siempre que a\u00fan no se hubiera disfrutado de la estancia. Dentro del plazo previsto, si usted no queda satisfecho, podr\u00e1 solicitar la devoluci\u00f3n del importe abonado.<br \/>\nEn relaci\u00f3n con la forma de resoluci\u00f3n de controversias, Hotel San Ram\u00f3n del Somontano y el usuario, con renuncia expresa a cualquier otro fuero, se someten al de los juzgados y tribunales de Huesca salvo que otra Ley especifique lo contrario.<\/p>\n","protected":false},"excerpt":{"rendered":"<p>El presente documento tiene por finalidad regular las Condiciones Generales de Contrataci\u00f3n de los servicios de reserva online entre HOTEL SAN RAM\u00d3N DEL SOMONTANO SL \u2013en adelante, Hotel San Ram\u00f3n del Somontano &#8211; (datos de contacto indicados en el Aviso Legal de esta web) y sus clientes, as\u00ed como las normas del establecimiento. Usted, como [&hellip;]<\/p>\n","protected":false},"author":7,"featured_media":0,"parent":0,"menu_order":14,"comment_status":"open","ping_status":"closed","template":"","meta":{"_monsterinsights_skip_tracking":false,"_monsterinsights_sitenote_active":false,"_monsterinsights_sitenote_note":"","_monsterinsights_sitenote_category":0,"footnotes":""},"class_list":["post-205","page","type-page","status-publish","hentry"],"aioseo_notices":[],"_links":{"self":[{"href":"https:\/\/hotelsanramonsomontano.com\/en\/wp-json\/wp\/v2\/pages\/205","targetHints":{"allow":["GET"]}}],"collection":[{"href":"https:\/\/hotelsanramonsomontano.com\/en\/wp-json\/wp\/v2\/pages"}],"about":[{"href":"https:\/\/hotelsanramonsomontano.com\/en\/wp-json\/wp\/v2\/types\/page"}],"author":[{"embeddable":true,"href":"https:\/\/hotelsanramonsomontano.com\/en\/wp-json\/wp\/v2\/users\/7"}],"replies":[{"embeddable":true,"href":"https:\/\/hotelsanramonsomontano.com\/en\/wp-json\/wp\/v2\/comments?post=205"}],"version-history":[{"count":13,"href":"https:\/\/hotelsanramonsomontano.com\/en\/wp-json\/wp\/v2\/pages\/205\/revisions"}],"predecessor-version":[{"id":16713,"href":"https:\/\/hotelsanramonsomontano.com\/en\/wp-json\/wp\/v2\/pages\/205\/revisions\/16713"}],"wp:attachment":[{"href":"https:\/\/hotelsanramonsomontano.com\/en\/wp-json\/wp\/v2\/media?parent=205"}],"curies":[{"name":"wp","href":"https:\/\/api.w.org\/{rel}","templated":true}]}}