{"id":207,"date":"2010-07-14T11:10:55","date_gmt":"2010-07-14T11:10:55","guid":{"rendered":"http:\/\/hotel.humanlevel.net\/.html"},"modified":"2024-03-16T22:24:35","modified_gmt":"2024-03-16T20:24:35","slug":"aviso-legal","status":"publish","type":"page","link":"https:\/\/hotelsanramonsomontano.com\/en\/aviso-legal.html","title":{"rendered":"Legal warning"},"content":{"rendered":"<p>El hecho de acceder a este sitio web implica el conocimiento y aceptaci\u00f3n de los siguientes t\u00e9rminos y condiciones de uso.<br \/>\nEl Usuario se compromete a utilizar la p\u00e1gina web de conformidad con la ley y el presente Aviso Legal, as\u00ed como con la moral y las buenas costumbres generalmente aceptadas y el orden p\u00fablico.<br \/>\nLea atentamente los apartados que constan a continuaci\u00f3n. Se trata de toda la informaci\u00f3n legal necesaria que usted debe conocer para navegar con seguridad.<\/p>\n<p><strong>1. Informaci\u00f3n general del titular de la web. <\/strong><\/p>\n<p>A los efectos del art\u00edculo 10 de la Ley 34\/2002, de 11 de julio, de la Ley de Servicios de la Sociedad de la Informaci\u00f3n y del Comercio Electr\u00f3nico, se informa al usuario que el titular de la p\u00e1gina web es Hotel San Ram\u00f3n del Somontano (HOTEL SAN RAM\u00d3N DEL SOMONTANO SL), con NIF B22358568 y domicilio en ACADEMIA CERBUNA 2, 22300 &#8211; Huesca (Aragon).<br \/>\nActividad: HOTEL SAN RAMON DEL SOMONTANO S.L.es una empresa que se dedica a servicios de HOSTELER\u00cdA (Hotel, Restaurante, Cafeter\u00eda, SPA)<br \/>\nLa empresa se encuentra inscrita en el Registro Mercantil de Huesca: Tomo 578, Libro 0, Folio 21 Hoja HU-10562, Inscripci\u00f3n 1\u00aa.<br \/>\nUsted puede contactar con nosotros mediante la siguiente direcci\u00f3n de correo electr\u00f3nico: info@hotelsanramonsomontano.com<\/p>\n<p><strong>2. Propiedad intelectual e industrial. <\/strong><\/p>\n<p><strong>2.1. Contenidos.<\/strong><br \/>\nTodos los elementos que integran el dise\u00f1o gr\u00e1fico de esta web, los men\u00fas, botones de navegaci\u00f3n, el c\u00f3digo fuente, los textos, im\u00e1genes, fotograf\u00edas, texturas, gr\u00e1ficos, animaciones, v\u00eddeos y cualquier otro contenido es propiedad de HOTEL SAN RAM\u00d3N DEL SOMONTANO SL.<br \/>\nDel mismo modo, HOTEL SAN RAM\u00d3N DEL SOMONTANO SL tambi\u00e9n es titular de las marcas, signos distintivos, nombres de dominio y nombres comerciales (excepto los correspondientes a patrocinadores, sponsor, anunciantes, etc.), que aparecieran en el presente sitio web.<br \/>\nAs\u00ed, quedan reservados todos los derechos de reproducci\u00f3n total o parcial, modificaci\u00f3n, adaptaci\u00f3n, comunicaci\u00f3n p\u00fablica, tratamiento inform\u00e1tico, distribuci\u00f3n, transformaci\u00f3n, cesi\u00f3n, venta, alquiler, pr\u00e9stamo y\/o cualquier otro derecho de propiedad intelectual o industrial que pueda corresponder a HOTEL SAN RAM\u00d3N DEL SOMONTANO SL sobre los contenidos de la p\u00e1gina web. Cualquier ejercicio de los anteriores derechos estar\u00e1 sujeto a autorizaci\u00f3n previa y por escrito del titular de los mismos.<br \/>\nHOTEL SAN RAM\u00d3N DEL SOMONTANO SL se compromete a corregir, tan pronto como tenga conocimiento de ello, los posibles errores formales o num\u00e9ricos que puedan encontrarse a lo largo del contenido de las distintas secciones de la web.<br \/>\nEl acceso al presente sitio web no supone, en ning\u00fan caso, la adquisici\u00f3n por parte de los usuarios de derecho de propiedad alguno sobre los contenidos que figuran en el mismo, por lo que no podr\u00e1n ser utilizados con ninguna finalidad. La utilizaci\u00f3n indebida de estos contenidos por parte del usuario le har\u00e1 responsable \u00fanico frente a HOTEL SAN RAM\u00d3N DEL SOMONTANO SL y frente a terceros, de los da\u00f1os ocasionados as\u00ed como de los incumplimientos legales que pudieran derivarse.<br \/>\nHOTEL SAN RAMON DEL SOMONTANO S.L.se reserva el derecho de modificar el contenido de la web sin previo aviso y sin ning\u00fan tipo de limitaci\u00f3n. La entidad declina cualquier responsabilidad por los eventuales da\u00f1os y perjuicios que puedan ocasionarse por la falta de disponibilidad y\/o continuidad de esta web y de los servicios que se ofrecen en ella.<\/p>\n<p><strong>2.2. Enlaces.<\/strong><br \/>\nHOTEL SAN RAM\u00d3N DEL SOMONTANO SL le informa que la presencia de enlaces a p\u00e1ginas web gestionadas por terceros en este sitio web es meramente informativa y no constituye en ning\u00fan caso una invitaci\u00f3n a la contrataci\u00f3n de productos o servicios que se ofrezcan en el sitio web de destino. El acceso por parte del usuario ser\u00e1 bajo su exclusiva responsabilidad y en las condiciones de uso que rijan en los mismos.<br \/>\nEn caso de que HOTEL SAN RAM\u00d3N DEL SOMONTANO SL tenga conocimiento efectivo de que la informaci\u00f3n o la actividad a la que se remite desde dichos enlaces es il\u00edcita, constitutiva de delito o puede lesionar bienes o derechos de un tercero susceptibles de indemnizaci\u00f3n, actuar\u00e1 con la diligencia necesaria para suprimir o inutilizar el enlace correspondiente con la mayor brevedad posible.<\/p>\n<p><strong>3. Pol\u00edtica de Privacidad.<\/strong><\/p>\n<p><strong>3.1. Ficheros LOPD.<\/strong><br \/>\nEn cumplimiento de la Ley Org\u00e1nica 15\/1999, de 13 de diciembre, de Protecci\u00f3n de Datos de Car\u00e1cter Personal, le informamos que los datos personales que nos suministre a trav\u00e9s de esta p\u00e1gina web ser\u00e1n gestionados y tratados de forma confidencial y pasar\u00e1n a formar parte de un fichero debidamente inscrito en la Agencia Espa\u00f1ola de Protecci\u00f3n de Datos titularidad de HOTEL SAN RAM\u00d3N DEL SOMONTANO SL, con la finalidad de atender la solicitud recibida, gestionar la reserva realizada y\/o formalizar la compra de nuestros servicios.<br \/>\nAsimismo le informamos que usted puede oponerse en todo momento al tratamiento de sus datos personales ejerciendo sus derechos de acceso, rectificaci\u00f3n, cancelaci\u00f3n y oposici\u00f3n enviando un correo electr\u00f3nico a info@hotelsanramonsomontano.com junto con la fotocopia de su DNI \u00f3 tiene que dirigirse a ACADEMIA CERBUNA 2, 22300 BARBASTRO, identific\u00e1ndose de manera fehaciente, para verificar su identidad y no poner en riesgo su privacidad y confidencialidad.<br \/>\nHOTEL SAN RAM\u00d3N DEL SOMONTANO SL garantiza el secreto y confidencialidad de sus datos personales cumpliendo todas las obligaciones al respecto y adoptando las medidas de seguridad que impone la legislaci\u00f3n vigente.<br \/>\nUsted, como usuario de esta web, garantiza que los datos que facilita son veraces, exactos y completos. Se cancelar\u00e1n, borrar\u00e1n o bloquear\u00e1n los datos del usuario o cliente cuando resulten inexactos, incompletos o hayan dejado de ser necesarios o pertinentes para su finalidad conforme a la legislaci\u00f3n vigente.<\/p>\n<p><strong>3.2. Comunicaciones comerciales por v\u00eda electr\u00f3nica.<\/strong><br \/>\nAl marcar la casilla de aceptaci\u00f3n del aviso legal en el formulario de contacto, usted otorga su consentimiento para recibir informaci\u00f3n sobre otros servicios ofrecidos por HOTEL SAN RAM\u00d3N DEL SOMONTANO SL. El env\u00edo de dichas comunicaciones comerciales sobre actividades, servicios, ofertas, promociones especiales, etc. podr\u00e1 efectuarse por cualquier medio, incluyendo correo electr\u00f3nico.<br \/>\nHOTEL SAN RAM\u00d3N DEL SOMONTANO SL se compromete a no remitir comunicaciones comerciales por v\u00eda electr\u00f3nica sin identificarlas como tales conforme a lo dispuesto en la Ley 34\/2002 de Servicios de la Sociedad de la Informaci\u00f3n y de comercio electr\u00f3nico.<br \/>\nUsted puede oponerse al tratamiento de sus datos con fines promocionales mediante el env\u00edo de un correo electr\u00f3nico a la direcci\u00f3n info@hotelsanramonsomontano.com quedando revocado su consentimiento en cualquier momento con la simple notificaci\u00f3n de su voluntad a HOTEL SAN RAM\u00d3N DEL SOMONTANO SL.<br \/>\nNo ser\u00e1 considerado como comunicaci\u00f3n comercial toda la informaci\u00f3n que se env\u00ede a los clientes de HOTEL SAN RAM\u00d3N DEL SOMONTANO SL siempre que tenga por finalidad el mantenimiento de la relaci\u00f3n contractual existente entre cliente y HOTEL SAN RAM\u00d3N DEL SOMONTANO SL as\u00ed como el desempe\u00f1o de tareas de informaci\u00f3n y otras actividades propias del servicio que el cliente pudiera contratar con la empresa.<br \/>\nTambi\u00e9n le informamos que HOTEL SAN RAM\u00d3N DEL SOMONTANO SL cuenta con un perfil en redes sociales, por lo que es responsable del tratamiento de los datos de sus seguidores, amigos o fans. El tratamiento que se llevar\u00e1 a cabo con dichos datos ser\u00e1 el que la red social permita al perfil de empresa. As\u00ed, HOTEL SAN RAM\u00d3N DEL SOMONTANO SL podr\u00e1 publicar informaci\u00f3n general para sus seguidores, amigos o fans en la red social sobre sus productos o servicios, as\u00ed como prestar un servicio personalizado de atenci\u00f3n al cliente.<\/p>\n<p><strong>3.3. Pol\u00edtica de cookies.<\/strong><br \/>\nLa presente p\u00e1gina web utiliza cookies. Una cookie es un fichero que se descarga en su ordenador al acceder a determinadas p\u00e1ginas web. Las cookies permiten a una p\u00e1gina web, entre otras cosas, almacenar y recuperar informaci\u00f3n sobre los h\u00e1bitos de navegaci\u00f3n de un usuario o de su equipo y, dependiendo de la informaci\u00f3n que contengan y de la forma en que utilice su equipo, pueden utilizarse para reconocer al usuario.<br \/>\nEn la presente p\u00e1gina web utilizamos las siguientes cookies:<br \/>\nCookies de an\u00e1lisis. Son aqu\u00e9llas que bien tratadas por nosotros o por terceros, nos permiten cuantificar el n\u00famero de usuarios de manera an\u00f3nima y as\u00ed realizar la medici\u00f3n y an\u00e1lisis estad\u00edstico de la utilizaci\u00f3n que hacen los usuarios del servicio ofertado. Para ello se analiza su navegaci\u00f3n en nuestra p\u00e1gina web con el fin de mejorar la oferta de productos o servicios que le ofrecemos. Estas cookies son instaladas por Google Analytics (m\u00e1s informaci\u00f3n aqu\u00ed).<br \/>\nUsted puede permitir, bloquear o eliminar las cookies instaladas en su equipo mediante la configuraci\u00f3n de las opciones del navegador instalado en su ordenador.<br \/>\nPara m\u00e1s informaci\u00f3n sobre Internet Explorer pulse <a href=\"http:\/\/windows.microsoft.com\/es-es\/windows7\/how-to-manage-cookies-in-internet-explorer-9\">aqu\u00ed<\/a>.<br \/>\nPara m\u00e1s informaci\u00f3n sobre Mozilla Firefox pulse <a href=\"http:\/\/support.mozilla.org\/es\/kb\/habilitar-y-deshabilitar-cookies-que-los-sitios-we\">aqu\u00ed<\/a>.<br \/>\nPara m\u00e1s informaci\u00f3n sobre Google Chrome pulse <a href=\"https:\/\/support.google.com\/chrome\/answer\/95647?hl=es\">aqu\u00ed<\/a>.<br \/>\nPara m\u00e1s informaci\u00f3n sobre Safari pulse <a href=\"http:\/\/safari.helpmax.net\/es\/privacidad-y-seguridad\/como-gestionar-las-cookies\/\">aqu\u00ed<\/a>.<\/p>\n<p><strong>4. Limitaciones o exclusiones de responsabilidad.<\/strong><\/p>\n<p><strong>4.1. Fallos t\u00e9cnicos.<\/strong><br \/>\nHOTEL SAN RAM\u00d3N DEL SOMONTANO SL no puede garantizar la disponibilidad y continuidad del funcionamiento de la web y que no ser\u00e1 en ning\u00fan caso responsable por cualesquiera da\u00f1os y perjuicios que puedan derivarse de esa falta de accesibilidad al sitio web, fallos inform\u00e1ticos, aver\u00edas telef\u00f3nicas, desconexiones, retrasos o bloqueos causados por deficiencias o sobrecargas en las l\u00edneas telef\u00f3nicas, en el sistema de Internet o en otros sistemas electr\u00f3nicos producidos en el curso del funcionamiento, y otros da\u00f1os que puedan ser causados por terceras personas mediante intromisiones no autorizadas ajenas al control del titular de la web.<br \/>\nHOTEL SAN RAM\u00d3N DEL SOMONTANO SL utiliza programas de detecci\u00f3n de virus para controlar todos los contenidos que se introducen en el sitio web. No obstante, no se podr\u00e1 garantizar la ausencia de virus ni de otros elementos introducidos por terceros ajenos que puedan producir alteraciones en los sistemas f\u00edsicos o l\u00f3gicos de los usuarios o en los documentos electr\u00f3nicos y ficheros almacenados en sus sistemas. En todo caso, se exime a HOTEL SAN RAM\u00d3N DEL SOMONTANO SL de cualesquiera da\u00f1os y perjuicios derivados de los mismos.<\/p>\n<p><strong>4.2. Responsabilidad por contenidos.<\/strong><br \/>\nHOTEL SAN RAM\u00d3N DEL SOMONTANO SL se reserva el derecho de interrumpir el acceso a su p\u00e1gina o a cualquiera de sus contenidos en cualquier momento y sin previo aviso, y no se responsabiliza de los perjuicios que pueda sufrir el usuario por los errores u omisiones de los que pudieran adolecer los contenidos de la web, si bien se compromete a verificar y vigilar peri\u00f3dicamente los contenidos e informaciones del mismo.<br \/>\nHOTEL SAN RAM\u00d3N DEL SOMONTANO SL garantiza que todos los contenidos y servicios que se ofrecen en esta web respetan el principio de dignidad de la persona, el principio de no-discriminaci\u00f3n por motivos de raza, sexo, religi\u00f3n, opini\u00f3n, nacionalidad, discapacidad o cualquier otra circunstancia personal y social, as\u00ed como el principio de protecci\u00f3n de la juventud y de la infancia.<br \/>\nHOTEL SAN RAM\u00d3N DEL SOMONTANO SL no se har\u00e1 responsable de otros contenidos alojados por terceros en su p\u00e1gina web cuando no se tenga conocimiento efectivo de que dicha informaci\u00f3n almacenada es il\u00edcita o de que lesiona bienes o derechos de un tercero susceptibles de indemnizaci\u00f3n, o si se tiene tal conocimiento, que se act\u00fae con diligencia para retirar los citados contenidos o hacer imposible el acceso a ellos.<\/p>","protected":false},"excerpt":{"rendered":"<p>El hecho de acceder a este sitio web implica el conocimiento y aceptaci\u00f3n de los siguientes t\u00e9rminos y condiciones de uso. El Usuario se compromete a utilizar la p\u00e1gina web de conformidad con la ley y el presente Aviso Legal, as\u00ed como con la moral y las buenas costumbres generalmente aceptadas y el orden p\u00fablico. [&hellip;]<\/p>\n","protected":false},"author":7,"featured_media":0,"parent":0,"menu_order":13,"comment_status":"open","ping_status":"closed","template":"","meta":{"_monsterinsights_skip_tracking":false,"_monsterinsights_sitenote_active":false,"_monsterinsights_sitenote_note":"","_monsterinsights_sitenote_category":0,"footnotes":""},"class_list":["post-207","page","type-page","status-publish","hentry"],"aioseo_notices":[],"_links":{"self":[{"href":"https:\/\/hotelsanramonsomontano.com\/en\/wp-json\/wp\/v2\/pages\/207","targetHints":{"allow":["GET"]}}],"collection":[{"href":"https:\/\/hotelsanramonsomontano.com\/en\/wp-json\/wp\/v2\/pages"}],"about":[{"href":"https:\/\/hotelsanramonsomontano.com\/en\/wp-json\/wp\/v2\/types\/page"}],"author":[{"embeddable":true,"href":"https:\/\/hotelsanramonsomontano.com\/en\/wp-json\/wp\/v2\/users\/7"}],"replies":[{"embeddable":true,"href":"https:\/\/hotelsanramonsomontano.com\/en\/wp-json\/wp\/v2\/comments?post=207"}],"version-history":[{"count":11,"href":"https:\/\/hotelsanramonsomontano.com\/en\/wp-json\/wp\/v2\/pages\/207\/revisions"}],"predecessor-version":[{"id":16711,"href":"https:\/\/hotelsanramonsomontano.com\/en\/wp-json\/wp\/v2\/pages\/207\/revisions\/16711"}],"wp:attachment":[{"href":"https:\/\/hotelsanramonsomontano.com\/en\/wp-json\/wp\/v2\/media?parent=207"}],"curies":[{"name":"wp","href":"https:\/\/api.w.org\/{rel}","templated":true}]}}