{"id":7745,"date":"2013-05-28T16:40:34","date_gmt":"2013-05-28T16:40:34","guid":{"rendered":"https:\/\/hotelsanramonsomontano.com\/?page_id=7745"},"modified":"2024-03-16T19:55:28","modified_gmt":"2024-03-16T17:55:28","slug":"hotel-en-huesca","status":"publish","type":"page","link":"https:\/\/hotelsanramonsomontano.com\/fr\/hotel-guara-somontano\/hotel-en-huesca.html","title":{"rendered":"Huesca"},"content":{"rendered":"<style>.elementor-7745 .elementor-element.elementor-element-6c0fef48 > .elementor-container{max-width:1170px;}.elementor-7745 .elementor-element.elementor-element-6c0fef48:not(.elementor-motion-effects-element-type-background), .elementor-7745 .elementor-element.elementor-element-6c0fef48 > .elementor-motion-effects-container > .elementor-motion-effects-layer{background-color:var( --e-global-color-primary );background-image:url(\"https:\/\/hotelsanramonsomontano.com\/wp-content\/uploads\/Abubilla-1.jpg\");background-position:center center;background-repeat:no-repeat;background-size:cover;}.elementor-7745 .elementor-element.elementor-element-6c0fef48 > .elementor-background-overlay{background-color:var( --e-global-color-primary );opacity:0.35;transition:background 0.3s, border-radius 0.3s, opacity 0.3s;}.elementor-7745 .elementor-element.elementor-element-6c0fef48{transition:all 400ms;padding:120px 0px 40px 0px;z-index:0;}.elementor-7745 .elementor-element.elementor-element-1ea641c3{transition:all 400ms;}.elementor-7745 .elementor-element.elementor-element-25f12d0c{text-align:center;transition:all 400ms;}.elementor-7745 .elementor-element.elementor-element-25f12d0c .elementor-heading-title{color:var( --e-global-color-e5c8540 );font-family:var( --e-global-typography-8faade7-font-family ), Sans-serif;font-size:var( --e-global-typography-8faade7-font-size );font-weight:var( --e-global-typography-8faade7-font-weight );text-transform:var( --e-global-typography-8faade7-text-transform );font-style:var( --e-global-typography-8faade7-font-style );text-decoration:var( --e-global-typography-8faade7-text-decoration );line-height:var( --e-global-typography-8faade7-line-height );letter-spacing:var( --e-global-typography-8faade7-letter-spacing );word-spacing:var( --e-global-typography-8faade7-word-spacing );}.elementor-7745 .elementor-element.elementor-element-4140e1d6{text-align:center;color:var( --e-global-color-e5c8540 );font-family:var( --e-global-typography-text-font-family ), Sans-serif;font-size:var( --e-global-typography-text-font-size );font-weight:var( --e-global-typography-text-font-weight );text-transform:var( --e-global-typography-text-text-transform );font-style:var( --e-global-typography-text-font-style );text-decoration:var( --e-global-typography-text-text-decoration );line-height:var( --e-global-typography-text-line-height );letter-spacing:var( --e-global-typography-text-letter-spacing );transition:all 400ms;}.elementor-7745 .elementor-element.elementor-element-4140e1d6 > .elementor-widget-container{padding:0% 26% 0% 26%;}.elementor-7745 .elementor-element.elementor-element-27529e14 > .elementor-container{max-width:1200px;}.elementor-7745 .elementor-element.elementor-element-27529e14{padding:50px 0px 0px 0px;transition:all 400ms;}.elementor-7745 .elementor-element.elementor-element-206049a4 > .elementor-element-populated{margin:0px 20px 0px 0px;--e-column-margin-right:20px;--e-column-margin-left:0px;}.elementor-7745 .elementor-element.elementor-element-206049a4{transition:all 400ms;}.elementor-7745 .elementor-element.elementor-element-6223193f{text-align:center;color:var( --e-global-color-text );font-family:var( --e-global-typography-text-font-family ), Sans-serif;font-size:var( --e-global-typography-text-font-size );font-weight:var( --e-global-typography-text-font-weight );text-transform:var( --e-global-typography-text-text-transform );font-style:var( --e-global-typography-text-font-style );text-decoration:var( --e-global-typography-text-text-decoration );line-height:var( --e-global-typography-text-line-height );letter-spacing:var( --e-global-typography-text-letter-spacing );transition:all 400ms;}.elementor-7745 .elementor-element.elementor-element-22b54b34 > .elementor-container{max-width:1200px;}.elementor-7745 .elementor-element.elementor-element-22b54b34{padding:30px 0px 0px 0px;transition:all 400ms;}.elementor-7745 .elementor-element.elementor-element-3b048ccb > .elementor-element-populated{margin:0px 20px 0px 0px;--e-column-margin-right:20px;--e-column-margin-left:0px;}.elementor-7745 .elementor-element.elementor-element-3b048ccb{transition:all 400ms;}.elementor-7745 .elementor-element.elementor-element-4cfc88c5 .elementor-icon-list-icon i{color:var( --e-global-color-secondary );transition:color 0.3s;}.elementor-7745 .elementor-element.elementor-element-4cfc88c5 .elementor-icon-list-icon svg{fill:var( --e-global-color-secondary );transition:fill 0.3s;}.elementor-7745 .elementor-element.elementor-element-4cfc88c5{--e-icon-list-icon-size:14px;--icon-vertical-offset:0px;transition:all 400ms;}.elementor-7745 .elementor-element.elementor-element-4cfc88c5 .elementor-icon-list-item > .elementor-icon-list-text, .elementor-7745 .elementor-element.elementor-element-4cfc88c5 .elementor-icon-list-item > a{font-family:\"Marcellus\", Sans-serif;font-size:25px;font-weight:400;letter-spacing:1.7px;}.elementor-7745 .elementor-element.elementor-element-4cfc88c5 .elementor-icon-list-text{color:var( --e-global-color-primary );transition:color 0.3s;}.elementor-7745 .elementor-element.elementor-element-331e91a7{color:var( --e-global-color-text );font-family:var( --e-global-typography-text-font-family ), Sans-serif;font-size:var( --e-global-typography-text-font-size );font-weight:var( --e-global-typography-text-font-weight );text-transform:var( --e-global-typography-text-text-transform );font-style:var( --e-global-typography-text-font-style );text-decoration:var( --e-global-typography-text-text-decoration );line-height:var( --e-global-typography-text-line-height );letter-spacing:var( --e-global-typography-text-letter-spacing );transition:all 400ms;}:root{--page-title-display:none;}@media(max-width:1024px) and (min-width:768px){.elementor-7745 .elementor-element.elementor-element-206049a4{width:100%;}.elementor-7745 .elementor-element.elementor-element-3b048ccb{width:100%;}}@media(max-width:1024px){.elementor-7745 .elementor-element.elementor-element-6c0fef48:not(.elementor-motion-effects-element-type-background), .elementor-7745 .elementor-element.elementor-element-6c0fef48 > .elementor-motion-effects-container > .elementor-motion-effects-layer{background-position:center center;}.elementor-7745 .elementor-element.elementor-element-6c0fef48{margin-top:0px;margin-bottom:0px;padding:80px 10px 40px 10px;}.elementor-7745 .elementor-element.elementor-element-25f12d0c .elementor-heading-title{font-size:var( --e-global-typography-8faade7-font-size );line-height:var( --e-global-typography-8faade7-line-height );letter-spacing:var( --e-global-typography-8faade7-letter-spacing );word-spacing:var( --e-global-typography-8faade7-word-spacing );}.elementor-7745 .elementor-element.elementor-element-4140e1d6{font-size:var( --e-global-typography-text-font-size );line-height:var( --e-global-typography-text-line-height );letter-spacing:var( --e-global-typography-text-letter-spacing );}.elementor-7745 .elementor-element.elementor-element-4140e1d6 > .elementor-widget-container{margin:0px 0px 0px 0px;padding:0% 10% 0% 10%;}.elementor-7745 .elementor-element.elementor-element-27529e14{padding:80px 10px 60px 10px;}.elementor-7745 .elementor-element.elementor-element-6223193f{font-size:var( --e-global-typography-text-font-size );line-height:var( --e-global-typography-text-line-height );letter-spacing:var( --e-global-typography-text-letter-spacing );}.elementor-7745 .elementor-element.elementor-element-22b54b34{padding:80px 10px 60px 10px;}.elementor-7745 .elementor-element.elementor-element-331e91a7{font-size:var( --e-global-typography-text-font-size );line-height:var( --e-global-typography-text-line-height );letter-spacing:var( --e-global-typography-text-letter-spacing );}}@media(max-width:767px){.elementor-7745 .elementor-element.elementor-element-6c0fef48{margin-top:0px;margin-bottom:0px;padding:40px 10px 20px 10px;}.elementor-7745 .elementor-element.elementor-element-25f12d0c .elementor-heading-title{font-size:var( --e-global-typography-8faade7-font-size );line-height:var( --e-global-typography-8faade7-line-height );letter-spacing:var( --e-global-typography-8faade7-letter-spacing );word-spacing:var( --e-global-typography-8faade7-word-spacing );}.elementor-7745 .elementor-element.elementor-element-4140e1d6{font-size:var( --e-global-typography-text-font-size );line-height:var( --e-global-typography-text-line-height );letter-spacing:var( --e-global-typography-text-letter-spacing );}.elementor-7745 .elementor-element.elementor-element-4140e1d6 > .elementor-widget-container{padding:0px 0px 0px 0px;}.elementor-7745 .elementor-element.elementor-element-27529e14{padding:20px 10px 20px 10px;}.elementor-7745 .elementor-element.elementor-element-6223193f{font-size:var( --e-global-typography-text-font-size );line-height:var( --e-global-typography-text-line-height );letter-spacing:var( --e-global-typography-text-letter-spacing );}.elementor-7745 .elementor-element.elementor-element-22b54b34{padding:20px 10px 20px 10px;}.elementor-7745 .elementor-element.elementor-element-331e91a7{font-size:var( --e-global-typography-text-font-size );line-height:var( --e-global-typography-text-line-height );letter-spacing:var( --e-global-typography-text-letter-spacing );}}<\/style>\t\t<div data-elementor-type=\"wp-page\" data-elementor-id=\"7745\" class=\"elementor elementor-7745\" data-elementor-post-type=\"page\">\n\t\t\t\t\t\t<section class=\"elementor-section elementor-top-section elementor-element elementor-element-6c0fef48 elementor-section-boxed elementor-section-height-default elementor-section-height-default\" data-id=\"6c0fef48\" data-element_type=\"section\" data-settings=\"{&quot;background_background&quot;:&quot;classic&quot;}\">\n\t\t\t\t\t\t\t<div class=\"elementor-background-overlay\"><\/div>\n\t\t\t\t\t\t\t<div class=\"elementor-container elementor-column-gap-default\">\n\t\t\t\t\t<div class=\"elementor-column elementor-col-100 elementor-top-column elementor-element elementor-element-1ea641c3\" data-id=\"1ea641c3\" data-element_type=\"column\">\n\t\t\t<div class=\"elementor-widget-wrap elementor-element-populated\">\n\t\t\t\t\t\t<div class=\"elementor-element elementor-element-25f12d0c de_scroll_animation_no elementor-widget elementor-widget-heading\" data-id=\"25f12d0c\" data-element_type=\"widget\" data-widget_type=\"heading.default\">\n\t\t\t\t<div class=\"elementor-widget-container\">\n\t\t\t<h1 class=\"elementor-heading-title elementor-size-default\">PROVINCE DE HUESCA<\/h1>\t\t<\/div>\n\t\t\t\t<\/div>\n\t\t\t\t<div class=\"elementor-element elementor-element-4140e1d6 de_scroll_animation_no elementor-widget elementor-widget-text-editor\" data-id=\"4140e1d6\" data-element_type=\"widget\" data-widget_type=\"text-editor.default\">\n\t\t\t\t<div class=\"elementor-widget-container\">\n\t\t\t\t\t\t\t<p>L&rsquo;H\u00f4tel Spa San Ram\u00f3n, situ\u00e9 au c\u0153ur du Somontano de Barbastro, au pied des Pyr\u00e9n\u00e9es, est le point de d\u00e9part id\u00e9al pour d\u00e9couvrir la province de Huesca.<\/p>\t\t\t\t\t\t<\/div>\n\t\t\t\t<\/div>\n\t\t\t\t\t<\/div>\n\t\t<\/div>\n\t\t\t\t\t<\/div>\n\t\t<\/section>\n\t\t\t\t<section class=\"elementor-section elementor-top-section elementor-element elementor-element-27529e14 elementor-section-boxed elementor-section-height-default elementor-section-height-default\" data-id=\"27529e14\" data-element_type=\"section\">\n\t\t\t\t\t\t<div class=\"elementor-container elementor-column-gap-default\">\n\t\t\t\t\t<div class=\"elementor-column elementor-col-100 elementor-top-column elementor-element elementor-element-206049a4\" data-id=\"206049a4\" data-element_type=\"column\">\n\t\t\t<div class=\"elementor-widget-wrap elementor-element-populated\">\n\t\t\t\t\t\t<div class=\"elementor-element elementor-element-6223193f de_scroll_animation_no elementor-invisible elementor-widget elementor-widget-text-editor\" data-id=\"6223193f\" data-element_type=\"widget\" data-settings=\"{&quot;_animation_delay&quot;:200,&quot;_animation&quot;:&quot;fadeInRight&quot;}\" data-widget_type=\"text-editor.default\">\n\t\t\t\t<div class=\"elementor-widget-container\">\n\t\t\t\t\t\t\t<p>Profitez de votre s\u00e9jour dans notre H\u00f4tel 4* (avec Spa priv\u00e9, WiFi gratuit, Restaurant, Parking, Caf\u00e9t\u00e9ria,\u2026). L&rsquo;H\u00f4tel San Ram\u00f3n, situ\u00e9 \u00e0 Barbastro, se trouve dans un endroit privil\u00e9gi\u00e9 pour explorer toute la province de Huesca. Plus d\u2019informations sur l\u2019H\u00f4tel San Ram\u00f3n del Somontano.<\/p><p>Situ\u00e9e dans la communaut\u00e9 autonome d&rsquo;Aragon, au nord de l&rsquo;Espagne, Huesca vous invite \u00e0 vous d\u00e9connecter aussi bien lors de courtes escapades d&rsquo;un ou deux jours que lors de vacances plus longues. Au nord de la province se trouvent les Pyr\u00e9n\u00e9es et \u00e0 leurs pieds la r\u00e9gion du Somontano de Barbastro.<br \/>Elle est limitrophe au nord avec la France, au sud avec Saragosse, \u00e0 l&rsquo;est avec L\u00e9rida et \u00e0 l&rsquo;ouest avec la Communaut\u00e9 Forale de Navarre. Elle dispose d&rsquo;un excellent acc\u00e8s routier \u00e0 tous les points d&rsquo;Espagne, ainsi que d&rsquo;une gare AVE avec un arr\u00eat dans la capitale Huesca.<br \/><\/p>\t\t\t\t\t\t<\/div>\n\t\t\t\t<\/div>\n\t\t\t\t\t<\/div>\n\t\t<\/div>\n\t\t\t\t\t<\/div>\n\t\t<\/section>\n\t\t\t\t<section class=\"elementor-section elementor-top-section elementor-element elementor-element-22b54b34 elementor-section-boxed elementor-section-height-default elementor-section-height-default\" data-id=\"22b54b34\" data-element_type=\"section\">\n\t\t\t\t\t\t<div class=\"elementor-container elementor-column-gap-default\">\n\t\t\t\t\t<div class=\"elementor-column elementor-col-100 elementor-top-column elementor-element elementor-element-3b048ccb\" data-id=\"3b048ccb\" data-element_type=\"column\">\n\t\t\t<div class=\"elementor-widget-wrap elementor-element-populated\">\n\t\t\t\t\t\t<div class=\"elementor-element elementor-element-4cfc88c5 elementor-icon-list--layout-traditional elementor-list-item-link-full_width de_scroll_animation_no elementor-widget elementor-widget-icon-list\" data-id=\"4cfc88c5\" data-element_type=\"widget\" data-widget_type=\"icon-list.default\">\n\t\t\t\t<div class=\"elementor-widget-container\">\n\t\t\t\t\t<ul class=\"elementor-icon-list-items\">\n\t\t\t\t\t\t\t<li class=\"elementor-icon-list-item\">\n\t\t\t\t\t\t\t\t\t\t\t<span class=\"elementor-icon-list-icon\">\n\t\t\t\t\t\t\t<svg aria-hidden=\"true\" class=\"e-font-icon-svg e-fas-chevron-right\" viewBox=\"0 0 320 512\" xmlns=\"http:\/\/www.w3.org\/2000\/svg\"><path d=\"M285.476 272.971L91.132 467.314c-9.373 9.373-24.569 9.373-33.941 0l-22.667-22.667c-9.357-9.357-9.375-24.522-.04-33.901L188.505 256 34.484 101.255c-9.335-9.379-9.317-24.544.04-33.901l22.667-22.667c9.373-9.373 24.569-9.373 33.941 0L285.475 239.03c9.373 9.372 9.373 24.568.001 33.941z\"><\/path><\/svg>\t\t\t\t\t\t<\/span>\n\t\t\t\t\t\t\t\t\t\t<span class=\"elementor-icon-list-text\">LES CHARMES DE LA PROVINCE DE HUESCA<\/span>\n\t\t\t\t\t\t\t\t\t<\/li>\n\t\t\t\t\t\t<\/ul>\n\t\t\t\t<\/div>\n\t\t\t\t<\/div>\n\t\t\t\t<div class=\"elementor-element elementor-element-331e91a7 de_scroll_animation_no elementor-invisible elementor-widget elementor-widget-text-editor\" data-id=\"331e91a7\" data-element_type=\"widget\" data-settings=\"{&quot;_animation_delay&quot;:200,&quot;_animation&quot;:&quot;fadeInRight&quot;}\" data-widget_type=\"text-editor.default\">\n\t\t\t\t<div class=\"elementor-widget-container\">\n\t\t\t\t\t\t\t<p>Parc National d&rsquo;Ordesa et du Mont Perdu.<\/p><p>Pyr\u00e9n\u00e9es aragonaises.<\/p><p>Ville de Huesca.<\/p><p>R\u00e9gion Somontano de Barbastro.<\/p><p>Canyons et parc naturel de la Sierra de Guara.<\/p><p>Les vignobles et les caves du Somontano<\/p><p>Le sanctuaire de Torreciudad<\/p><p>La ville m\u00e9di\u00e9vale d&rsquo;Alquezar, avec sa coll\u00e9giale \u00ab\u00a0Santa Mar\u00eda la Mayor\u00a0\u00bb<\/p><p>Visite culturelle de Barbastro.<\/p><p>Le Ch\u00e2teau de Loarre.<\/p><p>Les Mallos de Riglos<\/p><p>San Juan de la Pe\u00f1a<\/p><p>R\u00e9gion Cinca Medio : Cartillo et Mus\u00e9e de l&rsquo;Ordre du Temple.<\/p><p><\/p><p><a title=\"Hotel en Guara Somontano\" href=\"https:\/\/hotelsanramonsomontano.com\/hotel-guara-somontano.html\">Retour \u00e0 Guara Somontano &gt;&gt;<\/a><\/p>\t\t\t\t\t\t<\/div>\n\t\t\t\t<\/div>\n\t\t\t\t\t<\/div>\n\t\t<\/div>\n\t\t\t\t\t<\/div>\n\t\t<\/section>\n\t\t\t\t<\/div>\n\t\t","protected":false},"excerpt":{"rendered":"<p>PROVINCE DE HUESCA L&rsquo;H\u00f4tel Spa San Ram\u00f3n, situ\u00e9 au c\u0153ur du Somontano de Barbastro, au pied des Pyr\u00e9n\u00e9es, est le point de d\u00e9part id\u00e9al pour d\u00e9couvrir la province de Huesca. Profitez de votre s\u00e9jour dans notre H\u00f4tel 4* (avec Spa priv\u00e9, WiFi gratuit, Restaurant, Parking, Caf\u00e9t\u00e9ria,\u2026). L&rsquo;H\u00f4tel San Ram\u00f3n, situ\u00e9 \u00e0 Barbastro, se trouve dans [&hellip;]<\/p>\n","protected":false},"author":7,"featured_media":0,"parent":51,"menu_order":5,"comment_status":"closed","ping_status":"open","template":"elementor_header_footer","meta":{"_monsterinsights_skip_tracking":false,"_monsterinsights_sitenote_active":false,"_monsterinsights_sitenote_note":"","_monsterinsights_sitenote_category":0,"footnotes":""},"class_list":["post-7745","page","type-page","status-publish","hentry"],"aioseo_notices":[],"_links":{"self":[{"href":"https:\/\/hotelsanramonsomontano.com\/fr\/wp-json\/wp\/v2\/pages\/7745","targetHints":{"allow":["GET"]}}],"collection":[{"href":"https:\/\/hotelsanramonsomontano.com\/fr\/wp-json\/wp\/v2\/pages"}],"about":[{"href":"https:\/\/hotelsanramonsomontano.com\/fr\/wp-json\/wp\/v2\/types\/page"}],"author":[{"embeddable":true,"href":"https:\/\/hotelsanramonsomontano.com\/fr\/wp-json\/wp\/v2\/users\/7"}],"replies":[{"embeddable":true,"href":"https:\/\/hotelsanramonsomontano.com\/fr\/wp-json\/wp\/v2\/comments?post=7745"}],"version-history":[{"count":16,"href":"https:\/\/hotelsanramonsomontano.com\/fr\/wp-json\/wp\/v2\/pages\/7745\/revisions"}],"predecessor-version":[{"id":16604,"href":"https:\/\/hotelsanramonsomontano.com\/fr\/wp-json\/wp\/v2\/pages\/7745\/revisions\/16604"}],"up":[{"embeddable":true,"href":"https:\/\/hotelsanramonsomontano.com\/fr\/wp-json\/wp\/v2\/pages\/51"}],"wp:attachment":[{"href":"https:\/\/hotelsanramonsomontano.com\/fr\/wp-json\/wp\/v2\/media?parent=7745"}],"curies":[{"name":"wp","href":"https:\/\/api.w.org\/{rel}","templated":true}]}}