{"id":823,"date":"2010-08-26T19:00:09","date_gmt":"2010-08-26T19:00:09","guid":{"rendered":"https:\/\/hotelsanramonsomontano.com\/.html"},"modified":"2026-01-22T12:00:03","modified_gmt":"2026-01-22T10:00:03","slug":"tarifas-y-calendario","status":"publish","type":"page","link":"https:\/\/hotelsanramonsomontano.com\/fr\/tarifas-y-calendario.html","title":{"rendered":"Tarifs"},"content":{"rendered":"<style>.elementor-823 .elementor-element.elementor-element-bf28c32 > .elementor-container{max-width:1170px;}.elementor-823 .elementor-element.elementor-element-bf28c32:not(.elementor-motion-effects-element-type-background), .elementor-823 .elementor-element.elementor-element-bf28c32 > .elementor-motion-effects-container > .elementor-motion-effects-layer{background-color:var( --e-global-color-primary );background-image:url(\"https:\/\/hotelsanramonsomontano.com\/wp-content\/uploads\/RESERVAS-TARIFAS.jpg\");background-position:0px 68%;background-repeat:no-repeat;background-size:cover;}.elementor-823 .elementor-element.elementor-element-bf28c32 > .elementor-background-overlay{background-color:var( --e-global-color-primary );opacity:0.35;transition:background 0.3s, border-radius 0.3s, opacity 0.3s;}.elementor-823 .elementor-element.elementor-element-bf28c32{transition:all 400ms;padding:120px 0px 140px 0px;z-index:0;}.elementor-823 .elementor-element.elementor-element-81f0c02{transition:all 400ms;}.elementor-823 .elementor-element.elementor-element-d7950fd{text-align:center;transition:all 400ms;}.elementor-823 .elementor-element.elementor-element-d7950fd .elementor-heading-title{color:var( --e-global-color-e5c8540 );font-family:var( --e-global-typography-8faade7-font-family ), Sans-serif;font-size:var( --e-global-typography-8faade7-font-size );font-weight:var( --e-global-typography-8faade7-font-weight );text-transform:var( --e-global-typography-8faade7-text-transform );font-style:var( --e-global-typography-8faade7-font-style );text-decoration:var( --e-global-typography-8faade7-text-decoration );line-height:var( --e-global-typography-8faade7-line-height );letter-spacing:var( --e-global-typography-8faade7-letter-spacing );word-spacing:var( --e-global-typography-8faade7-word-spacing );}.elementor-823 .elementor-element.elementor-element-28e6ef8{--display:flex;--background-transition:0.3s;--padding-top:50px;--padding-bottom:50px;--padding-left:0px;--padding-right:0px;}.elementor-823 .elementor-element.elementor-element-22d5f2d{transition:all 400ms;}.elementor-823 .elementor-element.elementor-element-95e6b93{--display:flex;--flex-direction:column;--container-widget-width:100%;--container-widget-height:initial;--container-widget-flex-grow:0;--container-widget-align-self:initial;--flex-wrap-mobile:wrap;--gap:0px 0px;--background-transition:0.3s;--margin-top:0px;--margin-bottom:0px;--margin-left:0px;--margin-right:0px;--padding-top:0px;--padding-bottom:0px;--padding-left:0px;--padding-right:0px;}.elementor-823 .elementor-element.elementor-element-8b18689{transition:all 400ms;}:root{--page-title-display:none;}@media(max-width:1024px){.elementor-823 .elementor-element.elementor-element-bf28c32:not(.elementor-motion-effects-element-type-background), .elementor-823 .elementor-element.elementor-element-bf28c32 > .elementor-motion-effects-container > .elementor-motion-effects-layer{background-position:center center;}.elementor-823 .elementor-element.elementor-element-bf28c32{margin-top:0px;margin-bottom:0px;padding:100px 10px 120px 10px;}.elementor-823 .elementor-element.elementor-element-d7950fd .elementor-heading-title{font-size:var( --e-global-typography-8faade7-font-size );line-height:var( --e-global-typography-8faade7-line-height );letter-spacing:var( --e-global-typography-8faade7-letter-spacing );word-spacing:var( --e-global-typography-8faade7-word-spacing );}}@media(max-width:767px){.elementor-823 .elementor-element.elementor-element-bf28c32{margin-top:0px;margin-bottom:0px;padding:40px 10px 80px 10px;}.elementor-823 .elementor-element.elementor-element-d7950fd .elementor-heading-title{font-size:var( --e-global-typography-8faade7-font-size );line-height:var( --e-global-typography-8faade7-line-height );letter-spacing:var( --e-global-typography-8faade7-letter-spacing );word-spacing:var( --e-global-typography-8faade7-word-spacing );}}<\/style>\t\t<div data-elementor-type=\"wp-page\" data-elementor-id=\"823\" class=\"elementor elementor-823\" data-elementor-post-type=\"page\">\n\t\t\t\t\t\t<section class=\"elementor-section elementor-top-section elementor-element elementor-element-bf28c32 elementor-section-boxed elementor-section-height-default elementor-section-height-default\" data-id=\"bf28c32\" data-element_type=\"section\" data-settings=\"{&quot;background_background&quot;:&quot;classic&quot;}\">\n\t\t\t\t\t\t\t<div class=\"elementor-background-overlay\"><\/div>\n\t\t\t\t\t\t\t<div class=\"elementor-container elementor-column-gap-default\">\n\t\t\t\t\t<div class=\"elementor-column elementor-col-100 elementor-top-column elementor-element elementor-element-81f0c02\" data-id=\"81f0c02\" data-element_type=\"column\">\n\t\t\t<div class=\"elementor-widget-wrap elementor-element-populated\">\n\t\t\t\t\t\t<div class=\"elementor-element elementor-element-d7950fd de_scroll_animation_no elementor-widget elementor-widget-heading\" data-id=\"d7950fd\" data-element_type=\"widget\" data-widget_type=\"heading.default\">\n\t\t\t\t<div class=\"elementor-widget-container\">\n\t\t\t<h2 class=\"elementor-heading-title elementor-size-default\"> Tarifs.\n<\/h2>\t\t<\/div>\n\t\t\t\t<\/div>\n\t\t\t\t\t<\/div>\n\t\t<\/div>\n\t\t\t\t\t<\/div>\n\t\t<\/section>\n\t\t<div class=\"elementor-element elementor-element-28e6ef8 e-flex e-con-boxed e-con e-parent\" data-id=\"28e6ef8\" data-element_type=\"container\">\n\t\t\t\t\t<div class=\"e-con-inner\">\n\t\t\t\t<div class=\"elementor-element elementor-element-22d5f2d de_scroll_animation_no elementor-widget elementor-widget-text-editor\" data-id=\"22d5f2d\" data-element_type=\"widget\" data-widget_type=\"text-editor.default\">\n\t\t\t\t<div class=\"elementor-widget-container\">\n\t\t\t\t\t\t\t<p><\/p>\n<p>Nous offrons des forfaits promotionnels et th\u00e9matiques. Pour les entreprises et les groupes, voir tarif sp\u00e9cial.<\/p>\n<p>Reportez aux promotions de paragraphe et moteur de r\u00e9servation (en haut de ce site) pour voir si il ya une offre de r\u00e9f\u00e9rence pour les dates de votre s\u00e9jour.<\/p>\n<p><strong>2024 Prix par chambre pour deux personnes.Prix taxes incluses. Comprend le petit d\u00e9jeuner.<\/strong><\/p>\n<table border=\"1\" cellspacing=\"0\" cellpadding=\"0\">\n<tbody>\n<tr>\n<td>&nbsp;<\/td>\n<td>Du dimanche au jeudi sans jours f\u00e9ri\u00e9s<\/td>\n<td>Vendredis, samedis, jours f\u00e9ri\u00e9s et mi-saison<\/td>\n<td>Haute saison : Festivals et ao\u00fbt<\/td>\n<\/tr>\n<tr>\n<td>CONFORT<\/td>\n<td>110\u20ac<\/td>\n<td>125\u20ac<\/td>\n<td>135\u20ac<\/td>\n<\/tr>\n<tr>\n<td>SUPERIOR<\/td>\n<td>139\u20ac<\/td>\n<td>155\u20ac<\/td>\n<td>165\u20ac<\/td>\n<\/tr>\n<tr>\n<td>JUNIOR SUITE<\/td>\n<td>159\u20ac<\/td>\n<td>169\u20ac<\/td>\n<td>180\u20ac<\/td>\n<\/tr>\n<tr>\n<td>MIRADOR<\/td>\n<td>179\u20ac<\/td>\n<td>210\u20ac<\/td>\n<td>240\u20ac<\/td>\n<\/tr>\n<tr>\n<td>SAN RAM\u00d3N<\/td>\n<td>199\u20ac<\/td>\n<td>260\u20ac<\/td>\n<td>280\u20ac<\/td>\n<\/tr>\n<tr>\n<td>FAMILY SUITE<\/td>\n<td><a href=\"https:\/\/hotelsanramonsomontano.com\/FR\/contacto.html\">Demandez-nous<\/a><\/td>\n<td><a href=\"https:\/\/hotelsanramonsomontano.com\/FR\/contacto.html\">Demandez-nous<\/a><\/td>\n<td><a href=\"https:\/\/hotelsanramonsomontano.com\/FR\/contacto.html\">Demandez-nous<\/a><\/td>\n<\/tr>\n<tr>\n<td>CHAMBRE POUR UNA PERSONNE<\/td>\n<td>90-139\u20ac<\/td>\n<td>99-169\u20ac<\/td>\n<td>105-180\u20ac<\/td>\n<\/tr>\n<tr>\n<td>TAUX SP\u00c9CIAUX<\/td>\n<td><a href=\"https:\/\/hotelsanramonsomontano.com\/FR\/contacto.html\">Pour les entreprises et les groupes, demandez-nous des tarifs sp\u00e9ciaux<\/a><\/td>\n<td><a href=\"https:\/\/hotelsanramonsomontano.com\/FR\/contacto.html\">Pour les entreprises et les groupes, demandez-nous des tarifs sp\u00e9ciaux<\/a><\/td>\n<td><a href=\"https:\/\/hotelsanramonsomontano.com\/FR\/contacto.html\">Pour les entreprises et les groupes, demandez-nous des tarifs sp\u00e9ciaux<\/a><\/td>\n<\/tr>\n<tr>\n<td>&nbsp;PARKING<\/td>\n<td>&nbsp;12\u20ac<span style=\"font-size: 14.4px;\">\/Noche<\/span><\/td>\n<td colspan=\"2\">&nbsp;12\u20ac<span style=\"font-size: 14.4px; background-color: rgba(128, 128, 128, 0.1);\">\/Noche<\/span><\/td>\n<\/tr>\n<\/tbody>\n<\/table>\n<p><strong>PERSONNE POLITIQUE Suppl\u00e9mentaire dans la chambre:<\/strong><\/p>\n<p>Les enfants de moins de 2 ans s\u00e9journent gratuitement de l\u2019h\u00e9bergement gratuitement.<br>Tous les enfants de 3 \u00e0 7 ans dans un lit partag\u00e9, 10 \u20ac pour le petit d\u00e9jeuner.<br>Enfants de 3 \u00e0 17 ans en lit suppl\u00e9mentaire: 40 \u20ac<br>Adultes et enfants de plus de 18 ans: 55 \u20ac.<\/p>\n<p><\/p>\t\t\t\t\t\t<\/div>\n\t\t\t\t<\/div>\n\t\t\t\t\t<\/div>\n\t\t\t\t<\/div>\n\t\t<div class=\"elementor-element elementor-element-95e6b93 e-con-full e-flex e-con e-parent\" data-id=\"95e6b93\" data-element_type=\"container\">\n\t\t\t\t<div class=\"elementor-element elementor-element-8b18689 de_scroll_animation_no elementor-widget elementor-widget-template\" data-id=\"8b18689\" data-element_type=\"widget\" data-widget_type=\"template.default\">\n\t\t\t\t<div class=\"elementor-widget-container\">\n\t\t\t\t\t<div class=\"elementor-template\">\n\t\t\t<style>.elementor-16276 .elementor-element.elementor-element-204b5274 > .elementor-container{max-width:1200px;}.elementor-16276 .elementor-element.elementor-element-204b5274:not(.elementor-motion-effects-element-type-background), .elementor-16276 .elementor-element.elementor-element-204b5274 > .elementor-motion-effects-container > .elementor-motion-effects-layer{background-image:url(\"https:\/\/hotelsanramonsomontano.com\/wp-content\/uploads\/JUNIOR-SUITE-1.jpg\");background-position:center center;background-repeat:no-repeat;background-size:cover;}.elementor-16276 .elementor-element.elementor-element-204b5274 > .elementor-background-overlay{background-color:var( --e-global-color-primary );opacity:0.4;transition:background 0.3s, border-radius 0.3s, opacity 0.3s;}.elementor-16276 .elementor-element.elementor-element-204b5274{transition:all 400ms;padding:140px 0px 140px 0px;}.elementor-16276 .elementor-element.elementor-element-7bb3379c.elementor-column > .elementor-widget-wrap{justify-content:flex-start;}.elementor-16276 .elementor-element.elementor-element-7bb3379c > .elementor-element-populated{margin:0% 45% 0% 0%;--e-column-margin-right:45%;--e-column-margin-left:0%;}.elementor-16276 .elementor-element.elementor-element-7bb3379c{transition:all 400ms;}.elementor-16276 .elementor-element.elementor-element-65820e8c{text-align:left;transition:all 400ms;}.elementor-16276 .elementor-element.elementor-element-65820e8c .elementor-heading-title{color:var( --e-global-color-e5c8540 );font-family:var( --e-global-typography-secondary-font-family ), Sans-serif;font-size:var( --e-global-typography-secondary-font-size );font-weight:var( --e-global-typography-secondary-font-weight );text-transform:var( --e-global-typography-secondary-text-transform );font-style:var( --e-global-typography-secondary-font-style );text-decoration:var( --e-global-typography-secondary-text-decoration );line-height:var( --e-global-typography-secondary-line-height );}.elementor-16276 .elementor-element.elementor-element-65820e8c > .elementor-widget-container{margin:0% 0% 0% 0%;}.elementor-16276 .elementor-element.elementor-element-7a970812{text-align:left;color:var( --e-global-color-e5c8540 );font-family:var( --e-global-typography-text-font-family ), Sans-serif;font-size:var( --e-global-typography-text-font-size );font-weight:var( --e-global-typography-text-font-weight );text-transform:var( --e-global-typography-text-text-transform );font-style:var( --e-global-typography-text-font-style );text-decoration:var( --e-global-typography-text-text-decoration );line-height:var( --e-global-typography-text-line-height );letter-spacing:var( --e-global-typography-text-letter-spacing );transition:all 400ms;}.elementor-16276 .elementor-element.elementor-element-7a970812 > .elementor-widget-container{margin:0px 0px 10px 0px;padding:0% 24% 0% 0%;}.elementor-16276 .elementor-element.elementor-element-35cd57e1 .jeg-elementor-kit.jkit-button{text-align:right;}.elementor-16276 .elementor-element.elementor-element-35cd57e1 .jeg-elementor-kit.jkit-button .jkit-button-wrapper{padding:18px 30px 18px 30px;font-family:var( --e-global-typography-a48ae84-font-family ), Sans-serif;font-size:var( --e-global-typography-a48ae84-font-size );font-weight:var( --e-global-typography-a48ae84-font-weight );text-transform:var( --e-global-typography-a48ae84-text-transform );font-style:var( --e-global-typography-a48ae84-font-style );text-decoration:var( --e-global-typography-a48ae84-text-decoration );line-height:var( --e-global-typography-a48ae84-line-height );letter-spacing:var( --e-global-typography-a48ae84-letter-spacing );word-spacing:var( --e-global-typography-a48ae84-word-spacing );color:var( --e-global-color-primary );background-color:var( --e-global-color-e5c8540 );border-radius:0px 0px 0px 0px;}.elementor-16276 .elementor-element.elementor-element-35cd57e1 .jeg-elementor-kit.jkit-button .jkit-button-wrapper svg{fill:var( --e-global-color-primary );width:20px;}.elementor-16276 .elementor-element.elementor-element-35cd57e1 .jeg-elementor-kit.jkit-button .jkit-button-wrapper:hover{color:var( --e-global-color-e5c8540 );}.elementor-16276 .elementor-element.elementor-element-35cd57e1 .jeg-elementor-kit.jkit-button .jkit-button-wrapper:hover svg{fill:var( --e-global-color-e5c8540 );}.elementor-16276 .elementor-element.elementor-element-35cd57e1 .jeg-elementor-kit.jkit-button .jkit-button-wrapper:not(.hover-gradient):hover, .elementor-16276 .elementor-element.elementor-element-35cd57e1 .jeg-elementor-kit.jkit-button .jkit-button-wrapper.hover-gradient:before{background-color:#BD9035;}.elementor-16276 .elementor-element.elementor-element-35cd57e1 .jeg-elementor-kit.jkit-button .jkit-button-wrapper i{font-size:20px;}.elementor-16276 .elementor-element.elementor-element-35cd57e1 .jeg-elementor-kit.jkit-button.icon-position-before .jkit-button-wrapper i, .elementor-16276 .elementor-element.elementor-element-35cd57e1 .jeg-elementor-kit.jkit-button.icon-position-before .jkit-button-wrapper svg{margin-right:5px;}.elementor-16276 .elementor-element.elementor-element-35cd57e1 .jeg-elementor-kit.jkit-button.icon-position-after .jkit-button-wrapper i, .elementor-16276 .elementor-element.elementor-element-35cd57e1 .jeg-elementor-kit.jkit-button.icon-position-after .jkit-button-wrapper svg{margin-left:5px;}.elementor-16276 .elementor-element.elementor-element-35cd57e1 > .elementor-widget-container{margin:0px 10px 0px 0px;padding:0px 0px 5px 0px;border-style:solid;border-width:0px 0px 1px 0px;border-color:var( --e-global-color-e5c8540 );}.elementor-16276 .elementor-element.elementor-element-35cd57e1{width:auto;max-width:auto;transition:all 400ms;}.elementor-16276 .elementor-element.elementor-element-35cd57e1:hover .elementor-widget-container{border-style:solid;border-width:0px 0px 1px 0px;border-color:#BD9035;}@media(max-width:1024px){.elementor-16276 .elementor-element.elementor-element-204b5274{padding:120px 10px 120px 10px;}.elementor-16276 .elementor-element.elementor-element-7bb3379c.elementor-column > .elementor-widget-wrap{justify-content:center;}.elementor-16276 .elementor-element.elementor-element-7bb3379c > .elementor-element-populated{margin:0% 0% 0% 0%;--e-column-margin-right:0%;--e-column-margin-left:0%;}.elementor-16276 .elementor-element.elementor-element-65820e8c{text-align:center;}.elementor-16276 .elementor-element.elementor-element-65820e8c .elementor-heading-title{font-size:var( --e-global-typography-secondary-font-size );line-height:var( --e-global-typography-secondary-line-height );}.elementor-16276 .elementor-element.elementor-element-65820e8c > .elementor-widget-container{margin:0px 0px 0px 0px;}.elementor-16276 .elementor-element.elementor-element-7a970812{text-align:center;font-size:var( --e-global-typography-text-font-size );line-height:var( --e-global-typography-text-line-height );letter-spacing:var( --e-global-typography-text-letter-spacing );}.elementor-16276 .elementor-element.elementor-element-7a970812 > .elementor-widget-container{padding:0% 15% 0% 15%;}.elementor-16276 .elementor-element.elementor-element-35cd57e1 .jeg-elementor-kit.jkit-button .jkit-button-wrapper{font-size:var( --e-global-typography-a48ae84-font-size );line-height:var( --e-global-typography-a48ae84-line-height );letter-spacing:var( --e-global-typography-a48ae84-letter-spacing );word-spacing:var( --e-global-typography-a48ae84-word-spacing );}}@media(min-width:1025px){.elementor-16276 .elementor-element.elementor-element-204b5274:not(.elementor-motion-effects-element-type-background), .elementor-16276 .elementor-element.elementor-element-204b5274 > .elementor-motion-effects-container > .elementor-motion-effects-layer{background-attachment:fixed;}}@media(max-width:767px){.elementor-16276 .elementor-element.elementor-element-204b5274{margin-top:0px;margin-bottom:0px;padding:60px 10px 60px 10px;}.elementor-16276 .elementor-element.elementor-element-65820e8c .elementor-heading-title{font-size:var( --e-global-typography-secondary-font-size );line-height:var( --e-global-typography-secondary-line-height );}.elementor-16276 .elementor-element.elementor-element-7a970812{font-size:var( --e-global-typography-text-font-size );line-height:var( --e-global-typography-text-line-height );letter-spacing:var( --e-global-typography-text-letter-spacing );}.elementor-16276 .elementor-element.elementor-element-7a970812 > .elementor-widget-container{padding:0px 0px 0px 0px;}.elementor-16276 .elementor-element.elementor-element-35cd57e1 .jeg-elementor-kit.jkit-button{text-align:left;}.elementor-16276 .elementor-element.elementor-element-35cd57e1 .jeg-elementor-kit.jkit-button .jkit-button-wrapper{font-size:var( --e-global-typography-a48ae84-font-size );line-height:var( --e-global-typography-a48ae84-line-height );letter-spacing:var( --e-global-typography-a48ae84-letter-spacing );word-spacing:var( --e-global-typography-a48ae84-word-spacing );}}<\/style>\t\t<div data-elementor-type=\"section\" data-elementor-id=\"16276\" class=\"elementor elementor-16276\" data-elementor-post-type=\"elementor_library\">\n\t\t\t\t\t<section class=\"elementor-section elementor-top-section elementor-element elementor-element-204b5274 elementor-section-boxed elementor-section-height-default elementor-section-height-default\" data-id=\"204b5274\" data-element_type=\"section\" data-settings=\"{&quot;background_background&quot;:&quot;classic&quot;}\">\n\t\t\t\t\t\t\t<div class=\"elementor-background-overlay\"><\/div>\n\t\t\t\t\t\t\t<div class=\"elementor-container elementor-column-gap-default\">\n\t\t\t\t\t<div class=\"elementor-column elementor-col-100 elementor-top-column elementor-element elementor-element-7bb3379c\" data-id=\"7bb3379c\" data-element_type=\"column\">\n\t\t\t<div class=\"elementor-widget-wrap elementor-element-populated\">\n\t\t\t\t\t\t<div class=\"elementor-element elementor-element-65820e8c animated-slow de_scroll_animation_no elementor-invisible elementor-widget elementor-widget-heading\" data-id=\"65820e8c\" data-element_type=\"widget\" data-settings=\"{&quot;_animation&quot;:&quot;fadeInUp&quot;}\" data-widget_type=\"heading.default\">\n\t\t\t\t<div class=\"elementor-widget-container\">\n\t\t\t<h2 class=\"elementor-heading-title elementor-size-default\">\nD\u00c9COUVREZ NOS S\u00c9JOURS ET PROMOTIONS<\/h2>\t\t<\/div>\n\t\t\t\t<\/div>\n\t\t\t\t<div class=\"elementor-element elementor-element-7a970812 de_scroll_animation_no elementor-widget elementor-widget-text-editor\" data-id=\"7a970812\" data-element_type=\"widget\" data-widget_type=\"text-editor.default\">\n\t\t\t\t<div class=\"elementor-widget-container\">\n\t\t\t\t\t\t\t<p>Chambres \u00e9l\u00e9gantes et confortables, avec jacuzzi<\/p>\t\t\t\t\t\t<\/div>\n\t\t\t\t<\/div>\n\t\t\t\t<div class=\"elementor-element elementor-element-35cd57e1 elementor-widget__width-auto de_scroll_animation_no elementor-widget elementor-widget-jkit_button\" data-id=\"35cd57e1\" data-element_type=\"widget\" data-widget_type=\"jkit_button.default\">\n\t\t\t\t<div class=\"elementor-widget-container\">\n\t\t\t<div  class=\"jeg-elementor-kit jkit-button  icon-position-after jeg_module___69f7070c23173\" ><a href=\"https:\/\/reservation.mirai.com\/XMAS\/reservation\/default_room_selection.htm?idtokenprovider=81945859&#038;lang=es&#038;checkin=23%2F11%2F2023&#038;hsri=02040&#038;cms=true&#038;idoffers=&#038;roomTypeId=&#038;engine=&#038;bookinghost=&#038;bookingpage=&#038;maxNights=32&#038;parties=&#038;clientCodeStrictSearch=true&#038;nights=1&#038;clientCode=&#038;step=1&#038;home=https%3A%2F%2Fwww.hotelsanramonsomontano.com%2F&#038;currency=ARS#url=true&#038;\" class=\"jkit-button-wrapper\" target=\"_blank\">R\u00e9server ici<\/a><\/div>\t\t<\/div>\n\t\t\t\t<\/div>\n\t\t\t\t\t<\/div>\n\t\t<\/div>\n\t\t\t\t\t<\/div>\n\t\t<\/section>\n\t\t\t\t<\/div>\n\t\t\t\t<\/div>\n\t\t\t\t<\/div>\n\t\t\t\t<\/div>\n\t\t\t\t<\/div>\n\t\t\t\t<\/div>\n\t\t","protected":false},"excerpt":{"rendered":"<p>Tarifs. Nous offrons des forfaits promotionnels et th\u00e9matiques. Pour les entreprises et les groupes, voir tarif sp\u00e9cial. Reportez aux promotions de paragraphe et moteur de r\u00e9servation (en haut de ce site) pour voir si il ya une offre de r\u00e9f\u00e9rence pour les dates de votre s\u00e9jour. 2024 Prix par chambre pour deux personnes.Prix taxes incluses. [&hellip;]<\/p>\n","protected":false},"author":7,"featured_media":1466,"parent":0,"menu_order":0,"comment_status":"closed","ping_status":"closed","template":"elementor_header_footer","meta":{"_monsterinsights_skip_tracking":false,"_monsterinsights_sitenote_active":false,"_monsterinsights_sitenote_note":"","_monsterinsights_sitenote_category":0,"footnotes":""},"class_list":["post-823","page","type-page","status-publish","has-post-thumbnail","hentry"],"aioseo_notices":[],"_links":{"self":[{"href":"https:\/\/hotelsanramonsomontano.com\/fr\/wp-json\/wp\/v2\/pages\/823","targetHints":{"allow":["GET"]}}],"collection":[{"href":"https:\/\/hotelsanramonsomontano.com\/fr\/wp-json\/wp\/v2\/pages"}],"about":[{"href":"https:\/\/hotelsanramonsomontano.com\/fr\/wp-json\/wp\/v2\/types\/page"}],"author":[{"embeddable":true,"href":"https:\/\/hotelsanramonsomontano.com\/fr\/wp-json\/wp\/v2\/users\/7"}],"replies":[{"embeddable":true,"href":"https:\/\/hotelsanramonsomontano.com\/fr\/wp-json\/wp\/v2\/comments?post=823"}],"version-history":[{"count":241,"href":"https:\/\/hotelsanramonsomontano.com\/fr\/wp-json\/wp\/v2\/pages\/823\/revisions"}],"predecessor-version":[{"id":17655,"href":"https:\/\/hotelsanramonsomontano.com\/fr\/wp-json\/wp\/v2\/pages\/823\/revisions\/17655"}],"wp:featuredmedia":[{"embeddable":true,"href":"https:\/\/hotelsanramonsomontano.com\/fr\/wp-json\/wp\/v2\/media\/1466"}],"wp:attachment":[{"href":"https:\/\/hotelsanramonsomontano.com\/fr\/wp-json\/wp\/v2\/media?parent=823"}],"curies":[{"name":"wp","href":"https:\/\/api.w.org\/{rel}","templated":true}]}}